{"id":991,"date":"2024-06-26T01:18:02","date_gmt":"2024-06-25T23:18:02","guid":{"rendered":"https:\/\/trgovinica.net\/product\/transfer-varazdin-villach-ali-villach-varazdin\/"},"modified":"2024-06-26T01:18:02","modified_gmt":"2024-06-25T23:18:02","slug":"transfer-varazdin-villach-ali-villach-varazdin","status":"publish","type":"product","link":"https:\/\/trgovinica.net\/en\/product\/transfer-varazdin-villach-ali-villach-varazdin\/","title":{"rendered":"TRANSFER Vara\u017edin &#8211; Villach ali Villach &#8211; Vara\u017edin"},"content":{"rendered":"<p>One-way transfer on the route<strong> Vara\u017edin \u2013 Villach<\/strong> or <strong>Villach \u2013 Vara\u017edin.<\/strong><\/p>\n","protected":false},"excerpt":{"rendered":"<p>One-way transfer on the route Vara\u017edin \u2013 Villach or Villach \u2013 Vara\u017edin.<\/p>\n","protected":false},"featured_media":935,"comment_status":"open","ping_status":"closed","template":"","meta":[],"product_cat":[101,119],"product_tag":[],"class_list":{"0":"post-991","1":"product","2":"type-product","3":"status-publish","4":"has-post-thumbnail","6":"product_cat-drava-bike-en","7":"product_cat-tranfers-en","9":"first","10":"instock","11":"shipping-taxable","12":"purchasable","13":"product-type-simple"},"_links":{"self":[{"href":"https:\/\/trgovinica.net\/en\/wp-json\/wp\/v2\/product\/991","targetHints":{"allow":["GET"]}}],"collection":[{"href":"https:\/\/trgovinica.net\/en\/wp-json\/wp\/v2\/product"}],"about":[{"href":"https:\/\/trgovinica.net\/en\/wp-json\/wp\/v2\/types\/product"}],"replies":[{"embeddable":true,"href":"https:\/\/trgovinica.net\/en\/wp-json\/wp\/v2\/comments?post=991"}],"wp:featuredmedia":[{"embeddable":true,"href":"https:\/\/trgovinica.net\/en\/wp-json\/wp\/v2\/media\/935"}],"wp:attachment":[{"href":"https:\/\/trgovinica.net\/en\/wp-json\/wp\/v2\/media?parent=991"}],"wp:term":[{"taxonomy":"product_cat","embeddable":true,"href":"https:\/\/trgovinica.net\/en\/wp-json\/wp\/v2\/product_cat?post=991"},{"taxonomy":"product_tag","embeddable":true,"href":"https:\/\/trgovinica.net\/en\/wp-json\/wp\/v2\/product_tag?post=991"}],"curies":[{"name":"wp","href":"https:\/\/api.w.org\/{rel}","templated":true}]}}